{"id":463,"date":"2020-04-06T12:38:19","date_gmt":"2020-04-06T15:38:19","guid":{"rendered":"http:\/\/www.guitarraskeller.com\/?page_id=463"},"modified":"2025-06-08T21:00:20","modified_gmt":"2025-06-09T00:00:20","slug":"conferencias-y-exposiciones","status":"publish","type":"page","link":"https:\/\/www.guitarraskeller.com\/en\/conferencias-y-exposiciones\/","title":{"rendered":"Conferences and Exhibitions"},"content":{"rendered":"<div data-elementor-type=\"wp-page\" data-elementor-id=\"463\" class=\"elementor elementor-463\">\n\t\t\t\t\t\t<section class=\"elementor-section elementor-top-section elementor-element elementor-element-16d9 elementor-section-full_width elementor-section-stretched elementor-section-height-default elementor-section-height-default\" data-id=\"16d9\" data-element_type=\"section\" data-e-type=\"section\" data-settings=\"{&quot;background_background&quot;:&quot;classic&quot;,&quot;stretch_section&quot;:&quot;section-stretched&quot;}\">\n\t\t\t\t\t\t\t<div class=\"elementor-background-overlay\"><\/div>\n\t\t\t\t\t\t\t<div class=\"elementor-container elementor-column-gap-default\">\n\t\t\t\t\t<div class=\"elementor-column elementor-col-100 elementor-top-column elementor-element elementor-element-5d20\" data-id=\"5d20\" data-element_type=\"column\" data-e-type=\"column\" data-settings=\"{&quot;background_background&quot;:&quot;classic&quot;}\">\n\t\t\t<div class=\"elementor-widget-wrap elementor-element-populated\">\n\t\t\t\t\t<div class=\"elementor-background-overlay\"><\/div>\n\t\t\t\t\t\t<div class=\"elementor-element elementor-element-4423 elementor-widget elementor-widget-heading\" data-id=\"4423\" data-element_type=\"widget\" data-e-type=\"widget\" data-widget_type=\"heading.default\">\n\t\t\t\t<div class=\"elementor-widget-container\">\n\t\t\t\t\t<h1 class=\"elementor-heading-title elementor-size-default\">Conferences and Exhibitions<\/h1>\t\t\t\t<\/div>\n\t\t\t\t<\/div>\n\t\t\t\t\t<\/div>\n\t\t<\/div>\n\t\t\t\t\t<\/div>\n\t\t<\/section>\n\t\t\t\t<section class=\"elementor-section elementor-top-section elementor-element elementor-element-d4c6c0e elementor-section-full_width elementor-section-stretched elementor-section-height-default elementor-section-height-default\" data-id=\"d4c6c0e\" data-element_type=\"section\" data-e-type=\"section\" data-settings=\"{&quot;stretch_section&quot;:&quot;section-stretched&quot;}\">\n\t\t\t\t\t\t\t<div class=\"elementor-background-overlay\"><\/div>\n\t\t\t\t\t\t\t<div class=\"elementor-container elementor-column-gap-default\">\n\t\t\t\t\t<div class=\"elementor-column elementor-col-100 elementor-top-column elementor-element elementor-element-4d5fbdc\" data-id=\"4d5fbdc\" data-element_type=\"column\" data-e-type=\"column\" data-settings=\"{&quot;background_background&quot;:&quot;classic&quot;}\">\n\t\t\t<div class=\"elementor-widget-wrap elementor-element-populated\">\n\t\t\t\t\t<div class=\"elementor-background-overlay\"><\/div>\n\t\t\t\t\t\t<div class=\"elementor-element elementor-element-b23a745 elementor-widget elementor-widget-heading\" data-id=\"b23a745\" data-element_type=\"widget\" data-e-type=\"widget\" data-widget_type=\"heading.default\">\n\t\t\t\t<div class=\"elementor-widget-container\">\n\t\t\t\t\t<h3 class=\"elementor-heading-title elementor-size-default\">Videos<\/h3>\t\t\t\t<\/div>\n\t\t\t\t<\/div>\n\t\t\t\t\t<\/div>\n\t\t<\/div>\n\t\t\t\t\t<\/div>\n\t\t<\/section>\n\t\t\t\t<section class=\"elementor-section elementor-top-section elementor-element elementor-element-55a6c6e elementor-section-stretched elementor-section-boxed elementor-section-height-default elementor-section-height-default\" data-id=\"55a6c6e\" data-element_type=\"section\" data-e-type=\"section\" data-settings=\"{&quot;stretch_section&quot;:&quot;section-stretched&quot;,&quot;background_background&quot;:&quot;classic&quot;}\">\n\t\t\t\t\t\t\t<div class=\"elementor-background-overlay\"><\/div>\n\t\t\t\t\t\t\t<div class=\"elementor-container elementor-column-gap-default\">\n\t\t\t\t\t<div class=\"elementor-column elementor-col-100 elementor-top-column elementor-element elementor-element-e2ec35f\" data-id=\"e2ec35f\" data-element_type=\"column\" data-e-type=\"column\" data-settings=\"{&quot;background_background&quot;:&quot;classic&quot;}\">\n\t\t\t<div class=\"elementor-widget-wrap elementor-element-populated\">\n\t\t\t\t\t<div class=\"elementor-background-overlay\"><\/div>\n\t\t\t\t\t\t<div class=\"elementor-element elementor-element-9ba90b7 elementor-widget elementor-widget-shortcode\" data-id=\"9ba90b7\" data-element_type=\"widget\" data-e-type=\"widget\" data-widget_type=\"shortcode.default\">\n\t\t\t\t<div class=\"elementor-widget-container\">\n\t\t\t\t\t\t\t<div class=\"elementor-shortcode\"><div class=\"automatic-youtube-gallery ayg\">\n        <ayg-theme-classic id=\"ayg-dd8a1ea20f6b41a6b73e5faa5003dec3\" class=\"ayg-theme ayg-theme-classic\" data-params=\"{&quot;uid&quot;:&quot;dd8a1ea20f6b41a6b73e5faa5003dec3&quot;,&quot;loop&quot;:0,&quot;autoadvance&quot;:1,&quot;player_title&quot;:1,&quot;player_description&quot;:1}\">\n        <div class=\"ayg-player\">\n            <div class=\"ayg-player-container\" style=\"max-width: 100%;\">\n                <ayg-player src=\"https:\/\/www.youtube.com\/embed\/q9q8mLy_RM0?enablejsapi=1&#038;playsinline=1&#038;rel=0&#038;modestbranding=1&#038;iv_load_policy=3\" ratio=\"56.25\" title=\"Conferencia de luther\u00eda en General Roca 2017\" poster=\"https:\/\/i.ytimg.com\/vi\/q9q8mLy_RM0\/maxresdefault.jpg\"><\/ayg-player>           \n            <\/div>\n            <div class=\"ayg-player-caption\">\n                    \n                    <h2 class=\"ayg-player-title\">Conferencia de luther\u00eda en General Roca 2017<\/h2>  \n                                  \n                    <ayg-description class=\"ayg-player-description\"><span class=\"ayg-player-description-less\">Conferencia realizada en septiembre de 2017 en I.U.P.A. , Instituto Universitario Patag\u00f3nico de Artes, en la Ciudad de General Roca, R\u00edo Negro. Con la participaci\u00f3n en el recital del Maestro <span class=\"ayg-player-description-dots\">...<\/span><\/span><span class=\"ayg-player-description-more\">Dami\u00e1n Sbaffo interpretando su m\u00fasica con tres de mis guitarras.<\/span><a href=\"#\" class=\"ayg-player-description-toggle-btn\">Mostrar m\u00e1s<\/a><\/ayg-description>\n                            <\/div>\n        <\/div>\n        <div class=\"ayg-videos ayg-gallery ayg-row\">\n                            <div class=\"ayg-video ayg-video-q9q8mLy_RM0 ayg-col ayg-col-3 ayg-col-xs-2 ayg-active\">\n                    <div class=\"ayg-thumbnail\" data-id=\"q9q8mLy_RM0\" data-title=\"Conferencia de luther\u00eda en General Roca 2017\" data-url=\"\">\n    <div class=\"ayg-thumbnail-media\" style=\"--ayg-image-ratio: 16 \/ 9\">\n        <img fetchpriority=\"high\" src=\"https:\/\/i.ytimg.com\/vi\/q9q8mLy_RM0\/maxresdefault.jpg\" class=\"ayg-thumbnail-image\" width=\"1280\" height=\"720\" alt=\"Conferencia de luther\u00eda en General Roca 2017\" decoding=\"async\"\/><div class=\"ayg-thumbnail-now-playing\" style=\"display: none;\">Now Playing<\/div><svg xmlns=\"http:\/\/www.w3.org\/2000\/svg\" fill=\"white\" width=\"40\" height=\"40\" viewbox=\"0 0 24 24\" class=\"ayg-icon ayg-thumbnail-icon-play\" title=\"Play\" aria-label=\"Play\"><path fill-rule=\"evenodd\" d=\"M2.25 12c0-5.385 4.365-9.75 9.75-9.75s9.75 4.365 9.75 9.75-4.365 9.75-9.75 9.75S2.25 17.385 2.25 12Zm14.024-.983a1.125 1.125 0 0 1 0 1.966l-5.603 3.113A1.125 1.125 0 0 1 9 15.113V8.887c0-.857.921-1.4 1.671-.983l5.603 3.113Z\" clip-rule=\"evenodd\" \/><\/svg>        \n    <\/div>\n    <div class=\"ayg-thumbnail-caption\">\n         \n            <div class=\"ayg-thumbnail-title\">Conferencia de luther\u00eda en General Roca 2017<\/div>\n         \n                  \n            <div class=\"ayg-thumbnail-description\" style=\"display: none;\"><span class=\"ayg-player-description-less\">Conferencia realizada en septiembre de 2017 en I.U.P.A. , Instituto Universitario Patag\u00f3nico de Artes, en la Ciudad de General Roca, R\u00edo Negro. Con la participaci\u00f3n en el recital del Maestro <span class=\"ayg-player-description-dots\">...<\/span><\/span><span class=\"ayg-player-description-more\">Dami\u00e1n Sbaffo interpretando su m\u00fasica con tres de mis guitarras.<\/span><a href=\"#\" class=\"ayg-player-description-toggle-btn\">Mostrar m\u00e1s<\/a><\/div>\n            <\/div>           \n<\/div>                <\/div>\n                            <div class=\"ayg-video ayg-video-VaKOK752_LQ ayg-col ayg-col-3 ayg-col-xs-2\">\n                    <div class=\"ayg-thumbnail\" data-id=\"VaKOK752_LQ\" data-title=\"Conferencia de luther\u00eda de Juan Sebasti\u00e1n Keller en la UTN.\" data-url=\"\">\n    <div class=\"ayg-thumbnail-media\" style=\"--ayg-image-ratio: 16 \/ 9\">\n        <img src=\"https:\/\/i.ytimg.com\/vi\/VaKOK752_LQ\/maxresdefault.jpg\" class=\"ayg-thumbnail-image\" width=\"1280\" height=\"720\" alt=\"Conferencia de luther\u00eda de Juan Sebasti\u00e1n Keller en la UTN.\" decoding=\"async\"\/><div class=\"ayg-thumbnail-now-playing\" style=\"display: none;\">Now Playing<\/div><svg xmlns=\"http:\/\/www.w3.org\/2000\/svg\" fill=\"white\" width=\"40\" height=\"40\" viewbox=\"0 0 24 24\" class=\"ayg-icon ayg-thumbnail-icon-play\" title=\"Play\" aria-label=\"Play\"><path fill-rule=\"evenodd\" d=\"M2.25 12c0-5.385 4.365-9.75 9.75-9.75s9.75 4.365 9.75 9.75-4.365 9.75-9.75 9.75S2.25 17.385 2.25 12Zm14.024-.983a1.125 1.125 0 0 1 0 1.966l-5.603 3.113A1.125 1.125 0 0 1 9 15.113V8.887c0-.857.921-1.4 1.671-.983l5.603 3.113Z\" clip-rule=\"evenodd\" \/><\/svg>        \n    <\/div>\n    <div class=\"ayg-thumbnail-caption\">\n         \n            <div class=\"ayg-thumbnail-title\">Conferencia de luther\u00eda de Juan Sebasti\u00e1n Keller en la UTN.<\/div>\n         \n                  \n            <div class=\"ayg-thumbnail-description\" style=\"display: none;\">Una charla realizada en Junio de 2017 en la Universidad Tecnol\u00f3gica Nacional. Iniciando con un peque\u00f1o recital y al final una prueba de instrumentos.<\/div>\n            <\/div>           \n<\/div>                <\/div>\n                            <div class=\"ayg-video ayg-video-yVefBzBlAZ8 ayg-col ayg-col-3 ayg-col-xs-2\">\n                    <div class=\"ayg-thumbnail\" data-id=\"yVefBzBlAZ8\" data-title=\"Muestra de guitarras del luthier Juan Sebasti\u00e1n Keller.\" data-url=\"\">\n    <div class=\"ayg-thumbnail-media\" style=\"--ayg-image-ratio: 16 \/ 9\">\n        <img src=\"https:\/\/i.ytimg.com\/vi\/yVefBzBlAZ8\/maxresdefault.jpg\" class=\"ayg-thumbnail-image\" width=\"1280\" height=\"720\" alt=\"Muestra de guitarras del luthier Juan Sebasti\u00e1n Keller.\" decoding=\"async\"\/><div class=\"ayg-thumbnail-now-playing\" style=\"display: none;\">Now Playing<\/div><svg xmlns=\"http:\/\/www.w3.org\/2000\/svg\" fill=\"white\" width=\"40\" height=\"40\" viewbox=\"0 0 24 24\" class=\"ayg-icon ayg-thumbnail-icon-play\" title=\"Play\" aria-label=\"Play\"><path fill-rule=\"evenodd\" d=\"M2.25 12c0-5.385 4.365-9.75 9.75-9.75s9.75 4.365 9.75 9.75-4.365 9.75-9.75 9.75S2.25 17.385 2.25 12Zm14.024-.983a1.125 1.125 0 0 1 0 1.966l-5.603 3.113A1.125 1.125 0 0 1 9 15.113V8.887c0-.857.921-1.4 1.671-.983l5.603 3.113Z\" clip-rule=\"evenodd\" \/><\/svg>        \n    <\/div>\n    <div class=\"ayg-thumbnail-caption\">\n         \n            <div class=\"ayg-thumbnail-title\">Muestra de guitarras del luthier Juan Sebasti\u00e1n Keller.<\/div>\n         \n                  \n            <div class=\"ayg-thumbnail-description\" style=\"display: none;\"><span class=\"ayg-player-description-less\">Esta es una muestra y prueba de guitarras que se realiz\u00f3 en el mes de Abril de 2017 en la localidad de Tandil, provincia de Buenos Aires. Un agradecimiento especial <span class=\"ayg-player-description-dots\">...<\/span><\/span><span class=\"ayg-player-description-more\">a las autoridades del conservatorio de m\u00fasica \"Isa\u00edas Orbe\".<br \/>\nEn el mismo se mostr\u00f3 las cualidades de las guitarras construidas por el luthier Nicole\u00f1o Juan Sebast\u00edan Keller y luego los alumnos y profesores tuvieron la oportunidad de probar dos instrumentos de alt\u00edsima gama llevados para la ocaci\u00f3n.<\/span><a href=\"#\" class=\"ayg-player-description-toggle-btn\">Mostrar m\u00e1s<\/a><\/div>\n            <\/div>           \n<\/div>                <\/div>\n                    <\/div>\n            <\/ayg-theme-classic>\n<\/div>\n<\/div>\n\t\t\t\t\t\t<\/div>\n\t\t\t\t<\/div>\n\t\t\t\t\t<\/div>\n\t\t<\/div>\n\t\t\t\t\t<\/div>\n\t\t<\/section>\n\t\t\t\t<section class=\"elementor-section elementor-top-section elementor-element elementor-element-2caf55c elementor-section-full_width elementor-section-stretched elementor-section-height-default elementor-section-height-default\" data-id=\"2caf55c\" data-element_type=\"section\" data-e-type=\"section\" data-settings=\"{&quot;stretch_section&quot;:&quot;section-stretched&quot;,&quot;background_background&quot;:&quot;classic&quot;}\">\n\t\t\t\t\t\t\t<div class=\"elementor-background-overlay\"><\/div>\n\t\t\t\t\t\t\t<div class=\"elementor-container elementor-column-gap-default\">\n\t\t\t\t\t<div class=\"elementor-column elementor-col-100 elementor-top-column elementor-element elementor-element-10a6f15\" data-id=\"10a6f15\" data-element_type=\"column\" data-e-type=\"column\" data-settings=\"{&quot;background_background&quot;:&quot;classic&quot;}\">\n\t\t\t<div class=\"elementor-widget-wrap elementor-element-populated\">\n\t\t\t\t\t<div class=\"elementor-background-overlay\"><\/div>\n\t\t\t\t\t\t<div class=\"elementor-element elementor-element-2bab1c2 elementor-widget elementor-widget-heading\" data-id=\"2bab1c2\" data-element_type=\"widget\" data-e-type=\"widget\" data-widget_type=\"heading.default\">\n\t\t\t\t<div class=\"elementor-widget-container\">\n\t\t\t\t\t<h3 class=\"elementor-heading-title elementor-size-default\">Photos<\/h3>\t\t\t\t<\/div>\n\t\t\t\t<\/div>\n\t\t\t\t\t<\/div>\n\t\t<\/div>\n\t\t\t\t\t<\/div>\n\t\t<\/section>\n\t\t\t\t<section class=\"elementor-section elementor-top-section elementor-element elementor-element-149b elementor-section-stretched elementor-section-boxed elementor-section-height-default elementor-section-height-default\" data-id=\"149b\" data-element_type=\"section\" data-e-type=\"section\" data-settings=\"{&quot;stretch_section&quot;:&quot;section-stretched&quot;}\">\n\t\t\t\t\t\t\t<div class=\"elementor-background-overlay\"><\/div>\n\t\t\t\t\t\t\t<div class=\"elementor-container elementor-column-gap-default\">\n\t\t\t\t\t<div class=\"elementor-column elementor-col-100 elementor-top-column elementor-element elementor-element-10aa\" data-id=\"10aa\" data-element_type=\"column\" data-e-type=\"column\" data-settings=\"{&quot;background_background&quot;:&quot;classic&quot;}\">\n\t\t\t<div class=\"elementor-widget-wrap elementor-element-populated\">\n\t\t\t\t\t<div class=\"elementor-background-overlay\"><\/div>\n\t\t\t\t\t\t<div class=\"elementor-element elementor-element-4795 elementor-widget elementor-widget-image-gallery\" data-id=\"4795\" data-element_type=\"widget\" data-e-type=\"widget\" data-widget_type=\"image-gallery.default\">\n\t\t\t\t<div class=\"elementor-widget-container\">\n\t\t\t\t\t\t\t<div class=\"elementor-image-gallery\">\n\t\t\t\t\t<div style=\"clear:both\"><\/div>\n\t\t<div class=\"psgal_wrap\">\n\t\t\t<div id=\"psgal_463_1\" data-psgal_id=\"463_1\" data-psgal_container_id=\"container_463_1\" data-psgal_thumbnail_width=\"150\" data-psgal_use_masonary=\"0\" class=\"psgal-inline psgal gallery-columns-1 gallery-size-large use_masonry_ show_captions_\" itemscope itemtype=\"http:\/\/schema.org\/ImageGallery\">\n\t\t\t\t\t\t\t\t\t\t<figure class=\"msnry_items\" itemscope itemtype=\"http:\/\/schema.org\/ImageObject\" style=\"width:150px;\">\n\t\t\t\t\t\t\t<a href=\"https:\/\/www.guitarraskeller.com\/wp-content\/uploads\/2020\/04\/77111678_1095868704077590_6409317332895662080_o.jpg\" itemprop=\"contentUrl\" data-size=\"1365x2048\" data-caption=\"\" style=\"height:210px;\">\n\t\t\t\t\t\t\t\t<img decoding=\"async\" class=\"msnry_thumb\" src=\"https:\/\/www.guitarraskeller.com\/wp-content\/uploads\/2020\/04\/77111678_1095868704077590_6409317332895662080_o-200x300.jpg\" itemprop=\"thumbnail\" alt=\"\" \/>\n\t\t\t\t\t\t\t<\/a>\n\t\t\t\t\t\t\t\t\t\t\t\t\t\t<figcaption class=\"photoswipe-gallery-caption\" style=\"display:none;\"><\/figcaption>\n\n\t\t\t\t\t\t<\/figure>\n\t\t\t\t\t\t\t\t\t\t<figure class=\"msnry_items\" itemscope itemtype=\"http:\/\/schema.org\/ImageObject\" style=\"width:150px;\">\n\t\t\t\t\t\t\t<a href=\"https:\/\/www.guitarraskeller.com\/wp-content\/uploads\/2020\/04\/IMG-20190916-WA0024.jpg\" itemprop=\"contentUrl\" data-size=\"838x1280\" data-caption=\"\" style=\"height:214.28571428571px;\">\n\t\t\t\t\t\t\t\t<img decoding=\"async\" class=\"msnry_thumb\" src=\"https:\/\/www.guitarraskeller.com\/wp-content\/uploads\/2020\/04\/IMG-20190916-WA0024-196x300.jpg\" itemprop=\"thumbnail\" alt=\"\" \/>\n\t\t\t\t\t\t\t<\/a>\n\t\t\t\t\t\t\t\t\t\t\t\t\t\t<figcaption class=\"photoswipe-gallery-caption\" style=\"display:none;\"><\/figcaption>\n\n\t\t\t\t\t\t<\/figure>\n\t\t\t\t\t\t\t\t\t\t<figure class=\"msnry_items\" itemscope itemtype=\"http:\/\/schema.org\/ImageObject\" style=\"width:150px;\">\n\t\t\t\t\t\t\t<a href=\"https:\/\/www.guitarraskeller.com\/wp-content\/uploads\/2020\/04\/DSC_2645-2-1535x2400.jpg\" itemprop=\"contentUrl\" data-size=\"1535x2400\" data-caption=\"\" style=\"height:218.75px;\">\n\t\t\t\t\t\t\t\t<img decoding=\"async\" class=\"msnry_thumb\" src=\"https:\/\/www.guitarraskeller.com\/wp-content\/uploads\/2020\/04\/DSC_2645-2-192x300.jpg\" itemprop=\"thumbnail\" alt=\"\" \/>\n\t\t\t\t\t\t\t<\/a>\n\t\t\t\t\t\t\t\t\t\t\t\t\t\t<figcaption class=\"photoswipe-gallery-caption\" style=\"display:none;\"><\/figcaption>\n\n\t\t\t\t\t\t<\/figure>\n\t\t\t\t\t\t\t\t\t\t<figure class=\"msnry_items\" itemscope itemtype=\"http:\/\/schema.org\/ImageObject\" style=\"width:150px;\">\n\t\t\t\t\t\t\t<a href=\"https:\/\/www.guitarraskeller.com\/wp-content\/uploads\/2020\/04\/guitarrarionegro.jpg\" itemprop=\"contentUrl\" data-size=\"614x960\" data-caption=\"\" style=\"height:218.75px;\">\n\t\t\t\t\t\t\t\t<img decoding=\"async\" class=\"msnry_thumb\" src=\"https:\/\/www.guitarraskeller.com\/wp-content\/uploads\/2020\/04\/guitarrarionegro-192x300.jpg\" itemprop=\"thumbnail\" alt=\"\" \/>\n\t\t\t\t\t\t\t<\/a>\n\t\t\t\t\t\t\t\t\t\t\t\t\t\t<figcaption class=\"photoswipe-gallery-caption\" style=\"display:none;\"><\/figcaption>\n\n\t\t\t\t\t\t<\/figure>\n\t\t\t\t\t\t\t\t\t\t<figure class=\"msnry_items\" itemscope itemtype=\"http:\/\/schema.org\/ImageObject\" style=\"width:150px;\">\n\t\t\t\t\t\t\t<a href=\"https:\/\/www.guitarraskeller.com\/wp-content\/uploads\/2020\/04\/afiche-conf-rn.jpg\" itemprop=\"contentUrl\" data-size=\"1448x2048\" data-caption=\"\" style=\"height:198.11320754717px;\">\n\t\t\t\t\t\t\t\t<img decoding=\"async\" class=\"msnry_thumb\" src=\"https:\/\/www.guitarraskeller.com\/wp-content\/uploads\/2020\/04\/afiche-conf-rn-212x300.jpg\" itemprop=\"thumbnail\" alt=\"\" \/>\n\t\t\t\t\t\t\t<\/a>\n\t\t\t\t\t\t\t\t\t\t\t\t\t\t<figcaption class=\"photoswipe-gallery-caption\" style=\"display:none;\"><\/figcaption>\n\n\t\t\t\t\t\t<\/figure>\n\t\t\t\t\t\t\t\t\t\t<figure class=\"msnry_items\" itemscope itemtype=\"http:\/\/schema.org\/ImageObject\" style=\"width:150px;\">\n\t\t\t\t\t\t\t<a href=\"https:\/\/www.guitarraskeller.com\/wp-content\/uploads\/2020\/04\/77268042_1095867550744372_8288874023253704704_o-1800x1200.jpg\" itemprop=\"contentUrl\" data-size=\"1800x1200\" data-caption=\"\" style=\"height:93.333333333333px;\">\n\t\t\t\t\t\t\t\t<img decoding=\"async\" class=\"msnry_thumb\" src=\"https:\/\/www.guitarraskeller.com\/wp-content\/uploads\/2020\/04\/77268042_1095867550744372_8288874023253704704_o-300x200.jpg\" itemprop=\"thumbnail\" alt=\"\" \/>\n\t\t\t\t\t\t\t<\/a>\n\t\t\t\t\t\t\t\t\t\t\t\t\t\t<figcaption class=\"photoswipe-gallery-caption\" style=\"display:none;\"><\/figcaption>\n\n\t\t\t\t\t\t<\/figure>\n\t\t\t\t\t\t\t\t\t\t<figure class=\"msnry_items\" itemscope itemtype=\"http:\/\/schema.org\/ImageObject\" style=\"width:150px;\">\n\t\t\t\t\t\t\t<a href=\"https:\/\/www.guitarraskeller.com\/wp-content\/uploads\/2020\/04\/76620524_1095867434077717_8125758569875243008_o-1800x1200.jpg\" itemprop=\"contentUrl\" data-size=\"1800x1200\" data-caption=\"\" style=\"height:93.333333333333px;\">\n\t\t\t\t\t\t\t\t<img decoding=\"async\" class=\"msnry_thumb\" src=\"https:\/\/www.guitarraskeller.com\/wp-content\/uploads\/2020\/04\/76620524_1095867434077717_8125758569875243008_o-300x200.jpg\" itemprop=\"thumbnail\" alt=\"\" \/>\n\t\t\t\t\t\t\t<\/a>\n\t\t\t\t\t\t\t\t\t\t\t\t\t\t<figcaption class=\"photoswipe-gallery-caption\" style=\"display:none;\"><\/figcaption>\n\n\t\t\t\t\t\t<\/figure>\n\t\t\t\t\t\t\t\t\t\t<figure class=\"msnry_items\" itemscope itemtype=\"http:\/\/schema.org\/ImageObject\" style=\"width:150px;\">\n\t\t\t\t\t\t\t<a href=\"https:\/\/www.guitarraskeller.com\/wp-content\/uploads\/2020\/04\/72191627_1095866837411110_272791987357220864_o-1800x1200.jpg\" itemprop=\"contentUrl\" data-size=\"1800x1200\" data-caption=\"\" style=\"height:93.333333333333px;\">\n\t\t\t\t\t\t\t\t<img decoding=\"async\" class=\"msnry_thumb\" src=\"https:\/\/www.guitarraskeller.com\/wp-content\/uploads\/2020\/04\/72191627_1095866837411110_272791987357220864_o-300x200.jpg\" itemprop=\"thumbnail\" alt=\"\" \/>\n\t\t\t\t\t\t\t<\/a>\n\t\t\t\t\t\t\t\t\t\t\t\t\t\t<figcaption class=\"photoswipe-gallery-caption\" style=\"display:none;\"><\/figcaption>\n\n\t\t\t\t\t\t<\/figure>\n\t\t\t\t\t\t\t\t\t\t<figure class=\"msnry_items\" itemscope itemtype=\"http:\/\/schema.org\/ImageObject\" style=\"width:150px;\">\n\t\t\t\t\t\t\t<a href=\"https:\/\/www.guitarraskeller.com\/wp-content\/uploads\/2020\/04\/76198299_1095865470744580_2984965205152235520_o-1800x1200.jpg\" itemprop=\"contentUrl\" data-size=\"1800x1200\" data-caption=\"\" style=\"height:93.333333333333px;\">\n\t\t\t\t\t\t\t\t<img decoding=\"async\" class=\"msnry_thumb\" src=\"https:\/\/www.guitarraskeller.com\/wp-content\/uploads\/2020\/04\/76198299_1095865470744580_2984965205152235520_o-300x200.jpg\" itemprop=\"thumbnail\" alt=\"\" \/>\n\t\t\t\t\t\t\t<\/a>\n\t\t\t\t\t\t\t\t\t\t\t\t\t\t<figcaption class=\"photoswipe-gallery-caption\" style=\"display:none;\"><\/figcaption>\n\n\t\t\t\t\t\t<\/figure>\n\t\t\t\t\t\t\t<\/div>\n\t\t<\/div>\n\t\t<div style='clear:both'><\/div>\n\t\t<\/div>\n\t\t\t\t\t\t<\/div>\n\t\t\t\t<\/div>\n\t\t\t\t\t<\/div>\n\t\t<\/div>\n\t\t\t\t\t<\/div>\n\t\t<\/section>\n\t\t\t\t<\/div>","protected":false},"excerpt":{"rendered":"<p>Participaci\u00f3n en Conferencias y Exposiciones Videos Fotos<\/p>","protected":false},"author":1,"featured_media":0,"parent":0,"menu_order":0,"comment_status":"closed","ping_status":"closed","template":"elementor_header_footer","meta":{"site-sidebar-layout":"default","site-content-layout":"","ast-site-content-layout":"","site-content-style":"default","site-sidebar-style":"default","ast-global-header-display":"","ast-banner-title-visibility":"","ast-main-header-display":"","ast-hfb-above-header-display":"","ast-hfb-below-header-display":"","ast-hfb-mobile-header-display":"","site-post-title":"","ast-breadcrumbs-content":"","ast-featured-img":"","footer-sml-layout":"","theme-transparent-header-meta":"","adv-header-id-meta":"","stick-header-meta":"","header-above-stick-meta":"","header-main-stick-meta":"","header-below-stick-meta":"","astra-migrate-meta-layouts":"default","ast-page-background-enabled":"default","ast-page-background-meta":{"desktop":{"background-color":"var(--ast-global-color-5)","background-image":"","background-repeat":"repeat","background-position":"center center","background-size":"auto","background-attachment":"scroll","background-type":"","background-media":"","overlay-type":"","overlay-color":"","overlay-opacity":"","overlay-gradient":""},"tablet":{"background-color":"","background-image":"","background-repeat":"repeat","background-position":"center center","background-size":"auto","background-attachment":"scroll","background-type":"","background-media":"","overlay-type":"","overlay-color":"","overlay-opacity":"","overlay-gradient":""},"mobile":{"background-color":"","background-image":"","background-repeat":"repeat","background-position":"center center","background-size":"auto","background-attachment":"scroll","background-type":"","background-media":"","overlay-type":"","overlay-color":"","overlay-opacity":"","overlay-gradient":""}},"ast-content-background-meta":{"desktop":{"background-color":"var(--ast-global-color-4)","background-image":"","background-repeat":"repeat","background-position":"center center","background-size":"auto","background-attachment":"scroll","background-type":"","background-media":"","overlay-type":"","overlay-color":"","overlay-opacity":"","overlay-gradient":""},"tablet":{"background-color":"var(--ast-global-color-4)","background-image":"","background-repeat":"repeat","background-position":"center center","background-size":"auto","background-attachment":"scroll","background-type":"","background-media":"","overlay-type":"","overlay-color":"","overlay-opacity":"","overlay-gradient":""},"mobile":{"background-color":"var(--ast-global-color-4)","background-image":"","background-repeat":"repeat","background-position":"center center","background-size":"auto","background-attachment":"scroll","background-type":"","background-media":"","overlay-type":"","overlay-color":"","overlay-opacity":"","overlay-gradient":""}},"footnotes":""},"class_list":["post-463","page","type-page","status-publish","hentry"],"_links":{"self":[{"href":"https:\/\/www.guitarraskeller.com\/en\/wp-json\/wp\/v2\/pages\/463","targetHints":{"allow":["GET"]}}],"collection":[{"href":"https:\/\/www.guitarraskeller.com\/en\/wp-json\/wp\/v2\/pages"}],"about":[{"href":"https:\/\/www.guitarraskeller.com\/en\/wp-json\/wp\/v2\/types\/page"}],"author":[{"embeddable":true,"href":"https:\/\/www.guitarraskeller.com\/en\/wp-json\/wp\/v2\/users\/1"}],"replies":[{"embeddable":true,"href":"https:\/\/www.guitarraskeller.com\/en\/wp-json\/wp\/v2\/comments?post=463"}],"version-history":[{"count":43,"href":"https:\/\/www.guitarraskeller.com\/en\/wp-json\/wp\/v2\/pages\/463\/revisions"}],"predecessor-version":[{"id":2198,"href":"https:\/\/www.guitarraskeller.com\/en\/wp-json\/wp\/v2\/pages\/463\/revisions\/2198"}],"wp:attachment":[{"href":"https:\/\/www.guitarraskeller.com\/en\/wp-json\/wp\/v2\/media?parent=463"}],"curies":[{"name":"wp","href":"https:\/\/api.w.org\/{rel}","templated":true}]}}